{"id":81,"date":"2020-03-16T09:29:13","date_gmt":"2020-03-16T12:29:13","guid":{"rendered":"http:\/\/docenciavirtual.ufro.cl\/?page_id=81"},"modified":"2020-04-05T20:02:32","modified_gmt":"2020-04-05T23:02:32","slug":"2-usa-campus-virtual","status":"publish","type":"page","link":"https:\/\/docenciavirtual.ufro.cl\/index.php\/2-usa-campus-virtual\/","title":{"rendered":"2. Usa Campus Virtual"},"content":{"rendered":"<p><img decoding=\"async\" loading=\"lazy\" class=\"alignnone wp-image-217 size-large\" src=\"http:\/\/docenciavirtual.ufro.cl\/wp-content\/uploads\/2020\/03\/2-Usa_campus_virtual-1024x565.jpg\" alt=\"\" width=\"1024\" height=\"565\" srcset=\"https:\/\/docenciavirtual.ufro.cl\/wp-content\/uploads\/2020\/03\/2-Usa_campus_virtual-1024x565.jpg 1024w, https:\/\/docenciavirtual.ufro.cl\/wp-content\/uploads\/2020\/03\/2-Usa_campus_virtual-300x166.jpg 300w, https:\/\/docenciavirtual.ufro.cl\/wp-content\/uploads\/2020\/03\/2-Usa_campus_virtual-768x424.jpg 768w, https:\/\/docenciavirtual.ufro.cl\/wp-content\/uploads\/2020\/03\/2-Usa_campus_virtual-1536x848.jpg 1536w, https:\/\/docenciavirtual.ufro.cl\/wp-content\/uploads\/2020\/03\/2-Usa_campus_virtual-2048x1130.jpg 2048w, https:\/\/docenciavirtual.ufro.cl\/wp-content\/uploads\/2020\/03\/2-Usa_campus_virtual-24x13.jpg 24w, https:\/\/docenciavirtual.ufro.cl\/wp-content\/uploads\/2020\/03\/2-Usa_campus_virtual-36x20.jpg 36w, https:\/\/docenciavirtual.ufro.cl\/wp-content\/uploads\/2020\/03\/2-Usa_campus_virtual-48x26.jpg 48w\" sizes=\"(max-width: 1024px) 100vw, 1024px\" \/><\/p>\n<p>Es posible que ya est\u00e9s acostumbrado\/a\u00a0 a utilizar esta plataforma. CampusVirtual\u00a0 te permitir\u00e1, entre otras muchas cosas:<\/p>\n<ul>\n<li>Compartir recursos (documentos, enlaces, videos, etc. ) con tus estudiantes.<\/li>\n<li>Solicitar, recibir y corregir tareas.<\/li>\n<li>Crear foros para recoger las dudas de tus estudiantes, generar debates, etc.<\/li>\n<\/ul>\n<h3><a href=\"https:\/\/campusvirtual.ufro.cl\/\" target=\"_blank\" rel=\"noopener noreferrer\">Acceso a campus virtual<\/a><\/h3>\n<p>&nbsp;<\/p>\n<table>\n<tbody>\n<tr>\n<td><b>\u00bfNo has usado nunca <\/b><b>Campus Virtual<\/b><b> en tu asignatura? En ese caso te recomendamos seguir los siguientes pasos:\u00a0<\/b><\/p>\n<ol>\n<li>Verifica que has activado previamente Campus Virtual para tu asignatura a trav\u00e9s de Intranet. Ver: <a href=\"http:\/\/www.utic.ufro.cl\/pdf\/4_habilitacion_asignaturas_cv.pdf\" target=\"_blank\" rel=\"noopener noreferrer\">PROCEDIMIENTO HABILITACI\u00d3N DE ASIGNATURAS EN CAMPUS VIRTUAL.<\/a><\/li>\n<li>Abre el navegador de uso frecuente en tu computador.<\/li>\n<li>Accede a Campus Virtual e identifica tu asignatura.\n<ul>\n<li>Si tienes alguna dificultad para acceder a Campus Virtual te invitamos a acceder al <a href=\"http:\/\/www.utic.ufro.cl\/pdf\/Manual_CampusVirtual.pdf\" target=\"_blank\" rel=\"noopener noreferrer\">TUTORIAL DEL DOCENTE CAMPUS VIRTUAL<\/a><\/li>\n<li>Si no encuentras tu asignatura o necesitas apoyo para comprobar si est\u00e1 activa tu aula virtual escribe un email a <a href=\"mailto:campusvirtual@ufrontera.cl\">campusvirtual@ufrontera.cl<\/a>\u00a0 indicando tus datos y el nombre\/c\u00f3digo de asignatura, t\u00edtulo y facultad.<\/li>\n<\/ul>\n<\/li>\n<li>Comenzar a trabajar en tu curso<\/li>\n<\/ol>\n<ul>\n<li style=\"list-style-type: none;\">\n<ul>\n<li>Activa la edici\u00f3n en tu curso para poder realizar cualquier cambio en el contenido del mismo. <a href=\"https:\/\/drive.google.com\/open?id=1nWHrl24bXVTS-bYJMRh4jYbJmxi_xPAL\" target=\"_blank\" rel=\"noopener noreferrer\">Tutorial Configuraci\u00f3n y estructura del Curso<\/a><\/li>\n<li>Organiza los contenidos de tu curso que orienten a tus estudiantes en este entorno virtual. <a href=\"https:\/\/drive.google.com\/open?id=1NgNfpkCqzZD8mPI_Ao7Lm7cLdwRXZh_Z\" target=\"_blank\" rel=\"noopener noreferrer\">Tutorial Contenidos del curso<\/a><\/li>\n<\/ul>\n<\/li>\n<\/ul>\n<p>Si no has usado nunca la plataforma Moodle, te recomendamos ver este <a href=\"https:\/\/www.youtube.com\/watch?v=vmCQ6Qr6LTk\" target=\"_blank\" rel=\"noopener noreferrer\">video<\/a><\/td>\n<\/tr>\n<\/tbody>\n<\/table>\n<h2>Una vez hayas accedido a tu asignatura:<\/h2>\n<p>&nbsp;<\/p>\n<ol>\n<li>\n<h4><b>Organiza la comunicaci\u00f3n<\/b> con tus estudiantes<\/h4>\n<\/li>\n<\/ol>\n<ol>\n<li style=\"list-style-type: none;\">\n<ul>\n<li>Existen actividades de comunicaci\u00f3n como:\u00a0 <b>foro de Avisos\/Novedades<\/b>, donde puedes escribir a tus estudiantes. Util\u00edzalo para avisos importantes. Todo lo que escribas aqu\u00ed llegar\u00e1 al correo de tus estudiantes. <a href=\"https:\/\/drive.google.com\/open?id=1tA7Lhfc-xsr-YVJnU0RTjKXdxDZlQS48\" target=\"_blank\" rel=\"noopener noreferrer\">Tutorial Actividades de Comunicaci\u00f3n &#8211; Noticias<\/a><\/li>\n<li>Puedes enviar <b>mensajes<\/b> directo a un estudiante o grupo de estudiantes desde el Aula Virtual. <a href=\"https:\/\/drive.google.com\/open?id=1sG65Fy99PiIEjz9I-0Nb-FQXob6y9HBA\" target=\"_blank\" rel=\"noopener noreferrer\">Tutorial Actividades de Comunicaci\u00f3n &#8211; Mensajer\u00eda<\/a><\/li>\n<li>Si lo requieres puedes comunicarte en tiempo real con tus estudiantes utilizando el <b>Chat <\/b>disponible en el Aula Virtual. <a href=\"https:\/\/drive.google.com\/open?id=1Fw6-W-Wmu9wuX8pKZe2bdp_1YnXJ4g1b\" target=\"_blank\" rel=\"noopener noreferrer\">Tutorial Actividades de Comunicaci\u00f3n &#8211; Chat<\/a><\/li>\n<\/ul>\n<\/li>\n<\/ol>\n<ol start=\"2\">\n<li>\n<h4>Ofrece <b>actividades interactivas<\/b> para promover el aprendizaje.<\/h4>\n<ul>\n<li>Crea <b>Tareas <\/b>con instrucciones claras y retroalimenta los resultados. <a href=\"https:\/\/drive.google.com\/open?id=1pHp2Rb91BHpqSLxCrFp2cMEcntSPP0ej\" target=\"_blank\" rel=\"noopener noreferrer\">Tutorial Actividades interactivas &#8211; Tarea<\/a><\/li>\n<li>Puedes crear espacios de discusi\u00f3n a trav\u00e9s de los <b>Foros<\/b><b>.\u00a0<\/b><a href=\"https:\/\/drive.google.com\/open?id=1nwYlQ9DQEpPzCuiOjsRmGFJCkucBVw8V\" target=\"_blank\" rel=\"noopener noreferrer\">Tutorial Actividades interactivas &#8211; Foros<\/a><\/li>\n<li>Si necesitas trabajar con definiciones puedes crear un <b>Glosario<\/b><b>,<\/b> donde t\u00fa entregues la informaci\u00f3n o pueda ser construida colaborativamente. <a href=\"https:\/\/drive.google.com\/open?id=1iFi-cYid7THAKw3DxOeXio6J4pUHlXCP\" target=\"_blank\" rel=\"noopener noreferrer\">Tutorial Actividades interactivas &#8211; Glosario<\/a><\/li>\n<\/ul>\n<\/li>\n<\/ol>\n<ul>\n<li style=\"list-style-type: none;\">\n<ul>\n<li>Para intencionar un trabajo colaborativo en l\u00ednea puedes utilizar el recurso <b>Wiki.<\/b> <a href=\"https:\/\/drive.google.com\/open?id=1JhZo7t70pg9L7Ico47fcaS3LCvWGg6WE\" target=\"_blank\" rel=\"noopener noreferrer\">Tutorial Actividades interactivas &#8211; Wiki<\/a><\/li>\n<li>Para obtener en forma organizada e inmediata la <b>Encuesta<\/b> es un recurso disponible el Aula Virtual. <a href=\"https:\/\/drive.google.com\/open?id=1j9mxuxPkb3SM2SxKbGnehi6CW8JCl7Lo\" target=\"_blank\" rel=\"noopener noreferrer\">Tutorial Actividades interactivas &#8211; Encuesta<\/a><\/li>\n<li>Para evaluar en l\u00ednea utilizando banco de preguntas en distintas opciones (verdadero o falso, selecci\u00f3n m\u00faltiple, etc.) el <b>Cuestionario<\/b> es un recurso muy \u00fatil. <a href=\"https:\/\/drive.google.com\/open?id=1BCVsUZeOKcDHc-q4QSoubDwjcaBb89fp\" target=\"_blank\" rel=\"noopener noreferrer\">Tutorial Actividades interactivas &#8211; Cuestionario<\/a><\/li>\n<\/ul>\n<\/li>\n<\/ul>\n<table style=\"height: 27px;\" width=\"519\">\n<tbody>\n<tr>\n<td><\/td>\n<\/tr>\n<\/tbody>\n<\/table>\n<blockquote><p>\u00bfQuieres saber m\u00e1s sobre Campus Virtual? Puedes consultar aqu\u00ed el <a href=\"http:\/\/www.utic.ufro.cl\/pdf\/Manual_CampusVirtual.pdf\" target=\"_blank\" rel=\"noopener noreferrer\">TUTORIAL DEL DOCENTE CAMPUS VIRTUAL<\/a><\/p>\n<p>\u00bfNecesitas compartir un archivo muy pesado en Campus Virtual? En lugar de subirlo directamente a\u00a0 Campus Virtual, <strong>s\u00fabelo a Google Drive, obt\u00e9n el enlace para compartir y comparte este enlace en la plataforma.<\/strong><\/p><\/blockquote>\n","protected":false},"excerpt":{"rendered":"<p>Es posible que ya est\u00e9s acostumbrado\/a\u00a0 a utilizar esta plataforma. CampusVirtual\u00a0 te permitir\u00e1, entre otras muchas cosas: Compartir recursos (documentos, enlaces, videos, etc. ) con tus estudiantes. Solicitar, recibir y corregir tareas. Crear foros para recoger las dudas de tus estudiantes, generar debates, etc. Acceso a campus virtual &nbsp; \u00bfNo has usado nunca Campus Virtual&hellip;<\/p>\n","protected":false},"author":2,"featured_media":0,"parent":0,"menu_order":0,"comment_status":"open","ping_status":"closed","template":"","meta":{"footnotes":""},"pwapp_after_post_content":"","pwapp_before_post_content":"","androapp_header":"","pwapp_author":{"ID":2,"name":"Docencia Virtual","slug":"admin"},"pwapp_terms":[],"pwapp_feed_image_dimension_type":"preview","pwapp_post_image":"http:\/\/docenciavirtual.ufro.cl\/wp-content\/uploads\/2020\/03\/2-Usa_campus_virtual-1024x565.jpg","share_image":"http:\/\/docenciavirtual.ufro.cl\/wp-content\/uploads\/2020\/03\/2-Usa_campus_virtual-1024x565.jpg","featured_image_showhide":"show","pwapp_excerpt":"<p>Es posible que ya est\u00e9s acostumbrado\/a\u00a0 a utilizar esta plataforma. CampusVirtual\u00a0 te permitir\u00e1, entre otras muchas cosas: Compartir recursos (documentos, enlaces, videos, etc. ) con tus estudiantes. Solicitar, recibir y corregir tareas. Crear foros para recoger las dudas de tus estudiantes, generar debates, etc. Acceso a campus virtual &nbsp; \u00bfNo has usado nunca Campus Virtual&hellip;<\/p>\n","pwapp_title":"2. Usa Campus Virtual","androapp_image_list":[{"src":"http:\/\/docenciavirtual.ufro.cl\/wp-content\/uploads\/2020\/03\/2-Usa_campus_virtual-1024x565.jpg","height":200}],"pwapp_post_content":"<style type=\"text\/css\">androapp img{\r\n    max-width: 100%;\r\n    height: auto;\r\n}\r\niframe{\r\n    max-width: 100%;    \r\n}\r\nfigure {\r\n    max-width: 100%;\r\n    height: auto;\r\n}\r\nimg{\r\n    max-width: 100% !important;\r\n    height: auto;\r\n}\r\ndiv {\r\n    max-width: 100% !important;\r\n}\r\nspan {\r\n    max-width:100%;\r\n    overflow: auto;\r\n}\r\naudio {\r\n    display:block;\r\n    visibility:visible !important;\r\n}\r\nvideo{\r\n    width:100%;\r\n    height:auto;\r\n}\r\n<\/style><div class='androapp'><p><img decoding=\"async\" loading=\"lazy\" class=\"alignnone wp-image-217 size-large\" src=\"http:\/\/docenciavirtual.ufro.cl\/wp-content\/uploads\/2020\/03\/2-Usa_campus_virtual-1024x565.jpg\" alt=\"\" width=\"1024\" height=\"565\" srcset=\"https:\/\/docenciavirtual.ufro.cl\/wp-content\/uploads\/2020\/03\/2-Usa_campus_virtual-1024x565.jpg 1024w, https:\/\/docenciavirtual.ufro.cl\/wp-content\/uploads\/2020\/03\/2-Usa_campus_virtual-300x166.jpg 300w, https:\/\/docenciavirtual.ufro.cl\/wp-content\/uploads\/2020\/03\/2-Usa_campus_virtual-768x424.jpg 768w, https:\/\/docenciavirtual.ufro.cl\/wp-content\/uploads\/2020\/03\/2-Usa_campus_virtual-1536x848.jpg 1536w, https:\/\/docenciavirtual.ufro.cl\/wp-content\/uploads\/2020\/03\/2-Usa_campus_virtual-2048x1130.jpg 2048w, https:\/\/docenciavirtual.ufro.cl\/wp-content\/uploads\/2020\/03\/2-Usa_campus_virtual-24x13.jpg 24w, https:\/\/docenciavirtual.ufro.cl\/wp-content\/uploads\/2020\/03\/2-Usa_campus_virtual-36x20.jpg 36w, https:\/\/docenciavirtual.ufro.cl\/wp-content\/uploads\/2020\/03\/2-Usa_campus_virtual-48x26.jpg 48w\" sizes=\"(max-width: 1024px) 100vw, 1024px\" \/><\/p>\n<p>Es posible que ya est\u00e9s acostumbrado\/a\u00a0 a utilizar esta plataforma. CampusVirtual\u00a0 te permitir\u00e1, entre otras muchas cosas:<\/p>\n<ul>\n<li>Compartir recursos (documentos, enlaces, videos, etc. ) con tus estudiantes.<\/li>\n<li>Solicitar, recibir y corregir tareas.<\/li>\n<li>Crear foros para recoger las dudas de tus estudiantes, generar debates, etc.<\/li>\n<\/ul>\n<h3><a href=\"https:\/\/campusvirtual.ufro.cl\/\" target=\"_blank\" rel=\"noopener noreferrer\">Acceso a campus virtual<\/a><\/h3>\n<p>&nbsp;<\/p>\n<table>\n<tbody>\n<tr>\n<td><b>\u00bfNo has usado nunca <\/b><b>Campus Virtual<\/b><b> en tu asignatura? En ese caso te recomendamos seguir los siguientes pasos:\u00a0<\/b><\/p>\n<ol>\n<li>Verifica que has activado previamente Campus Virtual para tu asignatura a trav\u00e9s de Intranet. Ver: <a href=\"http:\/\/www.utic.ufro.cl\/pdf\/4_habilitacion_asignaturas_cv.pdf\" target=\"_blank\" rel=\"noopener noreferrer\">PROCEDIMIENTO HABILITACI\u00d3N DE ASIGNATURAS EN CAMPUS VIRTUAL.<\/a><\/li>\n<li>Abre el navegador de uso frecuente en tu computador.<\/li>\n<li>Accede a Campus Virtual e identifica tu asignatura.\n<ul>\n<li>Si tienes alguna dificultad para acceder a Campus Virtual te invitamos a acceder al <a href=\"http:\/\/www.utic.ufro.cl\/pdf\/Manual_CampusVirtual.pdf\" target=\"_blank\" rel=\"noopener noreferrer\">TUTORIAL DEL DOCENTE CAMPUS VIRTUAL<\/a><\/li>\n<li>Si no encuentras tu asignatura o necesitas apoyo para comprobar si est\u00e1 activa tu aula virtual escribe un email a <a href=\"mailto:campusvirtual@ufrontera.cl\">campusvirtual@ufrontera.cl<\/a>\u00a0 indicando tus datos y el nombre\/c\u00f3digo de asignatura, t\u00edtulo y facultad.<\/li>\n<\/ul>\n<\/li>\n<li>Comenzar a trabajar en tu curso<\/li>\n<\/ol>\n<ul>\n<li style=\"list-style-type: none;\">\n<ul>\n<li>Activa la edici\u00f3n en tu curso para poder realizar cualquier cambio en el contenido del mismo. <a href=\"https:\/\/drive.google.com\/open?id=1nWHrl24bXVTS-bYJMRh4jYbJmxi_xPAL\" target=\"_blank\" rel=\"noopener noreferrer\">Tutorial Configuraci\u00f3n y estructura del Curso<\/a><\/li>\n<li>Organiza los contenidos de tu curso que orienten a tus estudiantes en este entorno virtual. <a href=\"https:\/\/drive.google.com\/open?id=1NgNfpkCqzZD8mPI_Ao7Lm7cLdwRXZh_Z\" target=\"_blank\" rel=\"noopener noreferrer\">Tutorial Contenidos del curso<\/a><\/li>\n<\/ul>\n<\/li>\n<\/ul>\n<p>Si no has usado nunca la plataforma Moodle, te recomendamos ver este <a href=\"https:\/\/www.youtube.com\/watch?v=vmCQ6Qr6LTk\" target=\"_blank\" rel=\"noopener noreferrer\">video<\/a><\/td>\n<\/tr>\n<\/tbody>\n<\/table>\n<h2>Una vez hayas accedido a tu asignatura:<\/h2>\n<p>&nbsp;<\/p>\n<ol>\n<li>\n<h4><b>Organiza la comunicaci\u00f3n<\/b> con tus estudiantes<\/h4>\n<\/li>\n<\/ol>\n<ol>\n<li style=\"list-style-type: none;\">\n<ul>\n<li>Existen actividades de comunicaci\u00f3n como:\u00a0 <b>foro de Avisos\/Novedades<\/b>, donde puedes escribir a tus estudiantes. Util\u00edzalo para avisos importantes. Todo lo que escribas aqu\u00ed llegar\u00e1 al correo de tus estudiantes. <a href=\"https:\/\/drive.google.com\/open?id=1tA7Lhfc-xsr-YVJnU0RTjKXdxDZlQS48\" target=\"_blank\" rel=\"noopener noreferrer\">Tutorial Actividades de Comunicaci\u00f3n &#8211; Noticias<\/a><\/li>\n<li>Puedes enviar <b>mensajes<\/b> directo a un estudiante o grupo de estudiantes desde el Aula Virtual. <a href=\"https:\/\/drive.google.com\/open?id=1sG65Fy99PiIEjz9I-0Nb-FQXob6y9HBA\" target=\"_blank\" rel=\"noopener noreferrer\">Tutorial Actividades de Comunicaci\u00f3n &#8211; Mensajer\u00eda<\/a><\/li>\n<li>Si lo requieres puedes comunicarte en tiempo real con tus estudiantes utilizando el <b>Chat <\/b>disponible en el Aula Virtual. <a href=\"https:\/\/drive.google.com\/open?id=1Fw6-W-Wmu9wuX8pKZe2bdp_1YnXJ4g1b\" target=\"_blank\" rel=\"noopener noreferrer\">Tutorial Actividades de Comunicaci\u00f3n &#8211; Chat<\/a><\/li>\n<\/ul>\n<\/li>\n<\/ol>\n<ol start=\"2\">\n<li>\n<h4>Ofrece <b>actividades interactivas<\/b> para promover el aprendizaje.<\/h4>\n<ul>\n<li>Crea <b>Tareas <\/b>con instrucciones claras y retroalimenta los resultados. <a href=\"https:\/\/drive.google.com\/open?id=1pHp2Rb91BHpqSLxCrFp2cMEcntSPP0ej\" target=\"_blank\" rel=\"noopener noreferrer\">Tutorial Actividades interactivas &#8211; Tarea<\/a><\/li>\n<li>Puedes crear espacios de discusi\u00f3n a trav\u00e9s de los <b>Foros<\/b><b>.\u00a0<\/b><a href=\"https:\/\/drive.google.com\/open?id=1nwYlQ9DQEpPzCuiOjsRmGFJCkucBVw8V\" target=\"_blank\" rel=\"noopener noreferrer\">Tutorial Actividades interactivas &#8211; Foros<\/a><\/li>\n<li>Si necesitas trabajar con definiciones puedes crear un <b>Glosario<\/b><b>,<\/b> donde t\u00fa entregues la informaci\u00f3n o pueda ser construida colaborativamente. <a href=\"https:\/\/drive.google.com\/open?id=1iFi-cYid7THAKw3DxOeXio6J4pUHlXCP\" target=\"_blank\" rel=\"noopener noreferrer\">Tutorial Actividades interactivas &#8211; Glosario<\/a><\/li>\n<\/ul>\n<\/li>\n<\/ol>\n<ul>\n<li style=\"list-style-type: none;\">\n<ul>\n<li>Para intencionar un trabajo colaborativo en l\u00ednea puedes utilizar el recurso <b>Wiki.<\/b> <a href=\"https:\/\/drive.google.com\/open?id=1JhZo7t70pg9L7Ico47fcaS3LCvWGg6WE\" target=\"_blank\" rel=\"noopener noreferrer\">Tutorial Actividades interactivas &#8211; Wiki<\/a><\/li>\n<li>Para obtener en forma organizada e inmediata la <b>Encuesta<\/b> es un recurso disponible el Aula Virtual. <a href=\"https:\/\/drive.google.com\/open?id=1j9mxuxPkb3SM2SxKbGnehi6CW8JCl7Lo\" target=\"_blank\" rel=\"noopener noreferrer\">Tutorial Actividades interactivas &#8211; Encuesta<\/a><\/li>\n<li>Para evaluar en l\u00ednea utilizando banco de preguntas en distintas opciones (verdadero o falso, selecci\u00f3n m\u00faltiple, etc.) el <b>Cuestionario<\/b> es un recurso muy \u00fatil. <a href=\"https:\/\/drive.google.com\/open?id=1BCVsUZeOKcDHc-q4QSoubDwjcaBb89fp\" target=\"_blank\" rel=\"noopener noreferrer\">Tutorial Actividades interactivas &#8211; Cuestionario<\/a><\/li>\n<\/ul>\n<\/li>\n<\/ul>\n<table style=\"height: 27px;\" width=\"519\">\n<tbody>\n<tr>\n<td><\/td>\n<\/tr>\n<\/tbody>\n<\/table>\n<blockquote><p>\u00bfQuieres saber m\u00e1s sobre Campus Virtual? Puedes consultar aqu\u00ed el <a href=\"http:\/\/www.utic.ufro.cl\/pdf\/Manual_CampusVirtual.pdf\" target=\"_blank\" rel=\"noopener noreferrer\">TUTORIAL DEL DOCENTE CAMPUS VIRTUAL<\/a><\/p>\n<p>\u00bfNecesitas compartir un archivo muy pesado en Campus Virtual? En lugar de subirlo directamente a\u00a0 Campus Virtual, <strong>s\u00fabelo a Google Drive, obt\u00e9n el enlace para compartir y comparte este enlace en la plataforma.<\/strong><\/p><\/blockquote>\n<\/div>","pwapp_post_content_type":"postprocessed2","pwapp_preview_type":"excerpt","androapp_failover_post_content_type":"","share_text":"2. Usa Campus Virtual\nvia https:\/\/docenciavirtual.ufro.cl\/index.php\/2-usa-campus-virtual\/","androapp_comments_count":0,"supercache":"androappsupercache","_links":{"self":[{"href":"https:\/\/docenciavirtual.ufro.cl\/index.php\/wp-json\/wp\/v2\/pages\/81"}],"collection":[{"href":"https:\/\/docenciavirtual.ufro.cl\/index.php\/wp-json\/wp\/v2\/pages"}],"about":[{"href":"https:\/\/docenciavirtual.ufro.cl\/index.php\/wp-json\/wp\/v2\/types\/page"}],"author":[{"embeddable":true,"href":"https:\/\/docenciavirtual.ufro.cl\/index.php\/wp-json\/wp\/v2\/users\/2"}],"replies":[{"embeddable":true,"href":"https:\/\/docenciavirtual.ufro.cl\/index.php\/wp-json\/wp\/v2\/comments?post=81"}],"version-history":[{"count":15,"href":"https:\/\/docenciavirtual.ufro.cl\/index.php\/wp-json\/wp\/v2\/pages\/81\/revisions"}],"predecessor-version":[{"id":773,"href":"https:\/\/docenciavirtual.ufro.cl\/index.php\/wp-json\/wp\/v2\/pages\/81\/revisions\/773"}],"wp:attachment":[{"href":"https:\/\/docenciavirtual.ufro.cl\/index.php\/wp-json\/wp\/v2\/media?parent=81"}],"curies":[{"name":"wp","href":"https:\/\/api.w.org\/{rel}","templated":true}]}}